{"id":13,"date":"2016-08-22T17:30:09","date_gmt":"2016-08-22T20:30:09","guid":{"rendered":"https:\/\/1005.com.ar\/?page_id=13"},"modified":"2016-10-21T03:29:37","modified_gmt":"2016-10-21T06:29:37","slug":"radio-music","status":"publish","type":"page","link":"https:\/\/1005.com.ar\/index.php\/radio-music\/","title":{"rendered":"Radio Music"},"content":{"rendered":"","protected":false},"excerpt":{"rendered":"","protected":false},"author":1,"featured_media":0,"parent":0,"menu_order":10,"comment_status":"closed","ping_status":"closed","template":"","meta":{"jetpack_post_was_ever_published":false,"footnotes":""},"class_list":["post-13","page","type-page","status-publish","hentry"],"jetpack-related-posts":[{"id":90,"url":"https:\/\/1005.com.ar\/index.php\/radio-music\/programacion\/","url_meta":{"origin":13,"position":0},"title":"Programaci\u00f3n","author":"ezemanzur","date":"agosto 23, 2016","format":false,"excerpt":"","rel":"","context":"Entrada similar","block_context":{"text":"Entrada similar","link":""},"img":{"alt_text":"","src":"","width":0,"height":0},"classes":[]},{"id":52,"url":"https:\/\/1005.com.ar\/index.php\/radio-music\/sobre-nosotros\/","url_meta":{"origin":13,"position":1},"title":"Sobre nosotros","author":"ezemanzur","date":"agosto 22, 2016","format":false,"excerpt":"","rel":"","context":"Entrada similar","block_context":{"text":"Entrada similar","link":""},"img":{"alt_text":"","src":"","width":0,"height":0},"classes":[]},{"id":56,"url":"https:\/\/1005.com.ar\/index.php\/radio-music\/cobertura\/","url_meta":{"origin":13,"position":2},"title":"Cobertura","author":"ezemanzur","date":"agosto 22, 2016","format":false,"excerpt":"","rel":"","context":"Entrada similar","block_context":{"text":"Entrada similar","link":""},"img":{"alt_text":"","src":"","width":0,"height":0},"classes":[]},{"id":58,"url":"https:\/\/1005.com.ar\/index.php\/radio-music\/sobre-nosotros\/fotos\/","url_meta":{"origin":13,"position":3},"title":"Fotos","author":"ezemanzur","date":"agosto 22, 2016","format":false,"excerpt":"\u00a0","rel":"","context":"Entrada similar","block_context":{"text":"Entrada similar","link":""},"img":{"alt_text":"","src":"","width":0,"height":0},"classes":[]},{"id":60,"url":"https:\/\/1005.com.ar\/index.php\/radio-music\/sobre-nosotros\/descripcion\/","url_meta":{"origin":13,"position":4},"title":"Descripci\u00f3n","author":"ezemanzur","date":"agosto 22, 2016","format":false,"excerpt":"La programaci\u00f3n de Radio Music\u00a0fue dise\u00f1ada para satisfacer las necesidades de las tres generaciones que forman el grupo familiar tipo. La misma est\u00e1 basada en un formato complejo que logra una comunicaci\u00f3n formativa, informativa y recreativa\u00a0para cumplir la meta de integrar a la familia en coincidencia de elecci\u00f3n. Muchas fueron\u2026","rel":"","context":"Entrada similar","block_context":{"text":"Entrada similar","link":""},"img":{"alt_text":"","src":"https:\/\/i0.wp.com\/1005.com.ar\/wp-content\/uploads\/2016\/08\/banner06.jpg?resize=350%2C200&ssl=1","width":350,"height":200},"classes":[]}],"jetpack_likes_enabled":true,"jetpack_sharing_enabled":true,"_links":{"self":[{"href":"https:\/\/1005.com.ar\/index.php\/wp-json\/wp\/v2\/pages\/13","targetHints":{"allow":["GET"]}}],"collection":[{"href":"https:\/\/1005.com.ar\/index.php\/wp-json\/wp\/v2\/pages"}],"about":[{"href":"https:\/\/1005.com.ar\/index.php\/wp-json\/wp\/v2\/types\/page"}],"author":[{"embeddable":true,"href":"https:\/\/1005.com.ar\/index.php\/wp-json\/wp\/v2\/users\/1"}],"replies":[{"embeddable":true,"href":"https:\/\/1005.com.ar\/index.php\/wp-json\/wp\/v2\/comments?post=13"}],"version-history":[{"count":0,"href":"https:\/\/1005.com.ar\/index.php\/wp-json\/wp\/v2\/pages\/13\/revisions"}],"wp:attachment":[{"href":"https:\/\/1005.com.ar\/index.php\/wp-json\/wp\/v2\/media?parent=13"}],"curies":[{"name":"wp","href":"https:\/\/api.w.org\/{rel}","templated":true}]}}